{"id":808,"date":"2022-12-14T16:53:25","date_gmt":"2022-12-14T21:53:25","guid":{"rendered":"https:\/\/www.yariproductions.com\/?page_id=808"},"modified":"2022-12-14T16:58:12","modified_gmt":"2022-12-14T21:58:12","slug":"direction-artistique","status":"publish","type":"page","link":"https:\/\/www.yariproductions.com\/fr\/direction-artistique\/","title":{"rendered":"DIRECTION ARTISTIQUE"},"content":{"rendered":"[vc_row type=\u00a0\u00bbin_container\u00a0\u00bb full_screen_row_position=\u00a0\u00bbmiddle\u00a0\u00bb column_margin=\u00a0\u00bbdefault\u00a0\u00bb column_direction=\u00a0\u00bbdefault\u00a0\u00bb column_direction_tablet=\u00a0\u00bbdefault\u00a0\u00bb column_direction_phone=\u00a0\u00bbdefault\u00a0\u00bb scene_position=\u00a0\u00bbcenter\u00a0\u00bb top_padding=\u00a0\u00bb40&Prime; text_color=\u00a0\u00bbdark\u00a0\u00bb text_align=\u00a0\u00bbleft\u00a0\u00bb row_border_radius=\u00a0\u00bbnone\u00a0\u00bb row_border_radius_applies=\u00a0\u00bbbg\u00a0\u00bb overlay_strength=\u00a0\u00bb0.3&Prime; gradient_direction=\u00a0\u00bbleft_to_right\u00a0\u00bb shape_divider_position=\u00a0\u00bbbottom\u00a0\u00bb bg_image_animation=\u00a0\u00bbnone\u00a0\u00bb overflow=\u00a0\u00bbvisible\u00a0\u00bb shape_type=\u00a0\u00bb\u00a0\u00bb][vc_column column_padding=\u00a0\u00bbno-extra-padding\u00a0\u00bb column_padding_tablet=\u00a0\u00bbinherit\u00a0\u00bb column_padding_phone=\u00a0\u00bbinherit\u00a0\u00bb column_padding_position=\u00a0\u00bball\u00a0\u00bb background_color_opacity=\u00a0\u00bb1&Prime; background_hover_color_opacity=\u00a0\u00bb1&Prime; column_shadow=\u00a0\u00bbnone\u00a0\u00bb column_border_radius=\u00a0\u00bbnone\u00a0\u00bb column_link_target=\u00a0\u00bb_self\u00a0\u00bb gradient_direction=\u00a0\u00bbleft_to_right\u00a0\u00bb overlay_strength=\u00a0\u00bb0.3&Prime; width=\u00a0\u00bb1\/3&Prime; tablet_width_inherit=\u00a0\u00bbdefault\u00a0\u00bb tablet_text_alignment=\u00a0\u00bbdefault\u00a0\u00bb phone_text_alignment=\u00a0\u00bbdefault\u00a0\u00bb column_border_width=\u00a0\u00bbnone\u00a0\u00bb column_border_style=\u00a0\u00bbsolid\u00a0\u00bb bg_image_animation=\u00a0\u00bbnone\u00a0\u00bb column_element_spacing=\u00a0\u00bbdefault\u00a0\u00bb column_position=\u00a0\u00bbdefault\u00a0\u00bb animation_type=\u00a0\u00bbdefault\u00a0\u00bb border_type=\u00a0\u00bbsimple\u00a0\u00bb][image_with_animation image_url=\u00a0\u00bb812&Prime; animation=\u00a0\u00bbFade In\u00a0\u00bb hover_animation=\u00a0\u00bbnone\u00a0\u00bb alignment=\u00a0\u00bbcenter\u00a0\u00bb border_radius=\u00a0\u00bbnone\u00a0\u00bb box_shadow=\u00a0\u00bbnone\u00a0\u00bb image_loading=\u00a0\u00bbdefault\u00a0\u00bb max_width=\u00a0\u00bb100%\u00a0\u00bb max_width_mobile=\u00a0\u00bbdefault\u00a0\u00bb image_size=\u00a0\u00bbfull\u00a0\u00bb animation_type=\u00a0\u00bbentrance\u00a0\u00bb][\/vc_column][vc_column column_padding=\u00a0\u00bbno-extra-padding\u00a0\u00bb column_padding_tablet=\u00a0\u00bbinherit\u00a0\u00bb column_padding_phone=\u00a0\u00bbinherit\u00a0\u00bb column_padding_position=\u00a0\u00bball\u00a0\u00bb background_color_opacity=\u00a0\u00bb1&Prime; background_hover_color_opacity=\u00a0\u00bb1&Prime; column_shadow=\u00a0\u00bbnone\u00a0\u00bb column_border_radius=\u00a0\u00bbnone\u00a0\u00bb column_link_target=\u00a0\u00bb_self\u00a0\u00bb gradient_direction=\u00a0\u00bbleft_to_right\u00a0\u00bb overlay_strength=\u00a0\u00bb0.3&Prime; width=\u00a0\u00bb2\/3&Prime; tablet_width_inherit=\u00a0\u00bbdefault\u00a0\u00bb tablet_text_alignment=\u00a0\u00bbdefault\u00a0\u00bb phone_text_alignment=\u00a0\u00bbdefault\u00a0\u00bb column_border_width=\u00a0\u00bbnone\u00a0\u00bb column_border_style=\u00a0\u00bbsolid\u00a0\u00bb bg_image_animation=\u00a0\u00bbnone\u00a0\u00bb column_element_spacing=\u00a0\u00bbdefault\u00a0\u00bb column_position=\u00a0\u00bbdefault\u00a0\u00bb animation_type=\u00a0\u00bbdefault\u00a0\u00bb border_type=\u00a0\u00bbsimple\u00a0\u00bb][split_line_heading animation_type=\u00a0\u00bbdefault\u00a0\u00bb]\n<h2>Yannick Rieu<\/h2>\n<h3>Saxophoniste et compositeur<\/h3>\n[\/split_line_heading][vc_column_text]Reconnu comme l&rsquo;un des saxophonistes les plus talentueux de la sc\u00e8ne mondiale, 18e r\u00e9cipiendaire du Prix Oscar Peterson qui souligne la qualit\u00e9 de son art et sa contribution exceptionnelle au d\u00e9veloppement du jazz canadien, Yannick Rieu fait partie de ces musiciens en constante \u00e9volution.<\/p>\n<p>La presse du monde entier ne tarie pas d\u2019\u00e9loges \u00e0 son sujet. En 1988, la revue <em>Downbeat <\/em>(New York) le pla\u00e7ait aux c\u00f4t\u00e9s de saxophonistes tels Brandford Marsalis et Joe Lovano lors d\u2019un \u00ab critics poll \u00bb, d\u2019autres comparent son jeu \u00e0 celui de Stan Getz ou de Lee Konitz (<em>L\u2019Express<\/em>, Toronto).<\/p>\n<p><em>Le Journal de Montr\u00e9al <\/em>(Canada) le qualifie de \u00ab certainement l\u2019un des 20 meilleurs soufflants au monde \u00bb ou encore \u00able plus grand po\u00e8te des jazzmen canadiens \u00bb &#8211; <em>Jazzman <\/em>(France).<\/p>\n<p>\u00ab He sounds like a mixture of Tony Malaby or Chris Potter&rsquo;s muscularity with a hint of mid- 60s Sonny Rollins lyricism \u00bb (<em>The Jazz Clinic<\/em>, USA)<\/p>\n<p>O\u00f9 se situe exactement Yannick Rieu? Une question \u00e0 laquelle il est bien difficile de r\u00e9pondre! \u00ab Il sait \u00e9voquer autant le bruit et la fureur de vivre que la douceur et la volupt\u00e9 de notre existence \u00bb. (<em>Stanley P\u00e9an<\/em>, Montr\u00e9al).<\/p>\n<p>\u00ab\u00a0Contextually neither expressionist nor impressionist, avant-gardist nor neo-conservative, Yannick Rieu instead inhabits a middle ground, where inspiration is motivated by individual concern, a private vision. The choice he has made marks him as a musician of thoughtfull gesture and singular craft<em>.\u00a0\u00bb Art Lange<\/em>, New York<\/p>\n<p>\u201cBruno Monsaingeon a dit un jour que le g\u00e9nie de Gould \u00e9tait de donner \u00e0 chaque auditeur le sentiment miraculeux de savoir lire la musique de Bach. Rieu poss\u00e8de le m\u00eame don: \u00e0 l\u2019\u00e9couter penser tout haut sa musique int\u00e9rieure, on a la sensation grisante de parler, nous aussi, le riche langage du jazz.\u00a0\u00bb <em>L&rsquo;Express<\/em>, Toronto<\/p>\n<p>Autant dire, Yannick Rieu ne laisse pas indiff\u00e9rent. Il aborde la musique sous des angles multiples par le biais de ses projets acoustiques et \u00e9lectroniques, l&rsquo;improvisation demeurant la pierre angulaire de sa d\u00e9marche. Musicien intense et intuitif, le saxophoniste t\u00e9nor\/soprano et compositeur ob\u00e9it \u00e0 sa propre philosophie de vie, sans aucun compromis : c\u2019est un cr\u00e9ateur en constante recherche musicale qui veut donner un sens \u00e0 sa musique.<\/p>\n<p>Yannick Rieu a re\u00e7u trois prix \u00ab F\u00e9lix \u00bb de l&rsquo;ADISQ pour ses albums \u00ab <em>What Is the Colour of Love <\/em>\u00bb, \u00ab <em>Little Zab <\/em>\u00bb, et \u00ab<em>\u201cI\u201d Is Memory <\/em>\u00bb dans la cat\u00e9gorie album jazz de l\u2019ann\u00e9e et de nombreuses nominations comme compositeur et saxophoniste.[\/vc_column_text][\/vc_column][\/vc_row]\n","protected":false},"excerpt":{"rendered":"<p>[vc_row type=\u00a0\u00bbin_container\u00a0\u00bb full_screen_row_position=\u00a0\u00bbmiddle\u00a0\u00bb column_margin=\u00a0\u00bbdefault\u00a0\u00bb column_direction=\u00a0\u00bbdefault\u00a0\u00bb column_direction_tablet=\u00a0\u00bbdefault\u00a0\u00bb column_direction_phone=\u00a0\u00bbdefault\u00a0\u00bb scene_position=\u00a0\u00bbcenter\u00a0\u00bb top_padding=\u00a0\u00bb40&Prime; text_color=\u00a0\u00bbdark\u00a0\u00bb text_align=\u00a0\u00bbleft\u00a0\u00bb row_border_radius=\u00a0\u00bbnone\u00a0\u00bb row_border_radius_applies=\u00a0\u00bbbg\u00a0\u00bb overlay_strength=\u00a0\u00bb0.3&Prime; gradient_direction=\u00a0\u00bbleft_to_right\u00a0\u00bb shape_divider_position=\u00a0\u00bbbottom\u00a0\u00bb bg_image_animation=\u00a0\u00bbnone\u00a0\u00bb overflow=\u00a0\u00bbvisible\u00a0\u00bb shape_type=\u00a0\u00bb\u00a0\u00bb][vc_column column_padding=\u00a0\u00bbno-extra-padding\u00a0\u00bb column_padding_tablet=\u00a0\u00bbinherit\u00a0\u00bb column_padding_phone=\u00a0\u00bbinherit\u00a0\u00bb column_padding_position=\u00a0\u00bball\u00a0\u00bb background_color_opacity=\u00a0\u00bb1&Prime; background_hover_color_opacity=\u00a0\u00bb1&Prime; column_shadow=\u00a0\u00bbnone\u00a0\u00bb column_border_radius=\u00a0\u00bbnone\u00a0\u00bb column_link_target=\u00a0\u00bb_self\u00a0\u00bb gradient_direction=\u00a0\u00bbleft_to_right\u00a0\u00bb overlay_strength=\u00a0\u00bb0.3&Prime;&#8230;<\/p>\n","protected":false},"author":1,"featured_media":0,"parent":0,"menu_order":0,"comment_status":"closed","ping_status":"closed","template":"","meta":{"footnotes":""},"class_list":["post-808","page","type-page","status-publish"],"yoast_head":"<!-- This site is optimized with the Yoast SEO plugin v26.0 - https:\/\/yoast.com\/wordpress\/plugins\/seo\/ -->\n<title>DIRECTION ARTISTIQUE - Yari Productions<\/title>\n<meta name=\"robots\" content=\"index, follow, max-snippet:-1, max-image-preview:large, max-video-preview:-1\" \/>\n<link rel=\"canonical\" href=\"https:\/\/www.yariproductions.com\/fr\/direction-artistique\/\" \/>\n<meta property=\"og:locale\" content=\"fr_FR\" \/>\n<meta property=\"og:type\" content=\"article\" \/>\n<meta property=\"og:title\" content=\"DIRECTION ARTISTIQUE - Yari Productions\" \/>\n<meta property=\"og:description\" content=\"[vc_row type=\u00a0\u00bbin_container\u00a0\u00bb full_screen_row_position=\u00a0\u00bbmiddle\u00a0\u00bb column_margin=\u00a0\u00bbdefault\u00a0\u00bb column_direction=\u00a0\u00bbdefault\u00a0\u00bb column_direction_tablet=\u00a0\u00bbdefault\u00a0\u00bb column_direction_phone=\u00a0\u00bbdefault\u00a0\u00bb scene_position=\u00a0\u00bbcenter\u00a0\u00bb top_padding=\u00a0\u00bb40&Prime; text_color=\u00a0\u00bbdark\u00a0\u00bb text_align=\u00a0\u00bbleft\u00a0\u00bb row_border_radius=\u00a0\u00bbnone\u00a0\u00bb row_border_radius_applies=\u00a0\u00bbbg\u00a0\u00bb overlay_strength=\u00a0\u00bb0.3&Prime; gradient_direction=\u00a0\u00bbleft_to_right\u00a0\u00bb shape_divider_position=\u00a0\u00bbbottom\u00a0\u00bb bg_image_animation=\u00a0\u00bbnone\u00a0\u00bb overflow=\u00a0\u00bbvisible\u00a0\u00bb shape_type=\u00a0\u00bb\u00a0\u00bb][vc_column column_padding=\u00a0\u00bbno-extra-padding\u00a0\u00bb column_padding_tablet=\u00a0\u00bbinherit\u00a0\u00bb column_padding_phone=\u00a0\u00bbinherit\u00a0\u00bb column_padding_position=\u00a0\u00bball\u00a0\u00bb background_color_opacity=\u00a0\u00bb1&Prime; background_hover_color_opacity=\u00a0\u00bb1&Prime; column_shadow=\u00a0\u00bbnone\u00a0\u00bb column_border_radius=\u00a0\u00bbnone\u00a0\u00bb column_link_target=\u00a0\u00bb_self\u00a0\u00bb gradient_direction=\u00a0\u00bbleft_to_right\u00a0\u00bb overlay_strength=\u00a0\u00bb0.3&Prime;...\" \/>\n<meta property=\"og:url\" content=\"https:\/\/www.yariproductions.com\/fr\/direction-artistique\/\" \/>\n<meta property=\"og:site_name\" content=\"Yari Productions\" \/>\n<meta property=\"article:modified_time\" content=\"2022-12-14T21:58:12+00:00\" \/>\n<meta name=\"twitter:card\" content=\"summary_large_image\" \/>\n<meta name=\"twitter:label1\" content=\"Dur\u00e9e de lecture estim\u00e9e\" \/>\n\t<meta name=\"twitter:data1\" content=\"4 minutes\" \/>\n<script type=\"application\/ld+json\" class=\"yoast-schema-graph\">{\"@context\":\"https:\/\/schema.org\",\"@graph\":[{\"@type\":\"WebPage\",\"@id\":\"https:\/\/www.yariproductions.com\/fr\/direction-artistique\/\",\"url\":\"https:\/\/www.yariproductions.com\/fr\/direction-artistique\/\",\"name\":\"DIRECTION ARTISTIQUE - Yari Productions\",\"isPartOf\":{\"@id\":\"https:\/\/www.yariproductions.com\/fr\/#website\"},\"datePublished\":\"2022-12-14T21:53:25+00:00\",\"dateModified\":\"2022-12-14T21:58:12+00:00\",\"breadcrumb\":{\"@id\":\"https:\/\/www.yariproductions.com\/fr\/direction-artistique\/#breadcrumb\"},\"inLanguage\":\"fr-FR\",\"potentialAction\":[{\"@type\":\"ReadAction\",\"target\":[\"https:\/\/www.yariproductions.com\/fr\/direction-artistique\/\"]}]},{\"@type\":\"BreadcrumbList\",\"@id\":\"https:\/\/www.yariproductions.com\/fr\/direction-artistique\/#breadcrumb\",\"itemListElement\":[{\"@type\":\"ListItem\",\"position\":1,\"name\":\"Home\",\"item\":\"https:\/\/www.yariproductions.com\/fr\/\"},{\"@type\":\"ListItem\",\"position\":2,\"name\":\"DIRECTION ARTISTIQUE\"}]},{\"@type\":\"WebSite\",\"@id\":\"https:\/\/www.yariproductions.com\/fr\/#website\",\"url\":\"https:\/\/www.yariproductions.com\/fr\/\",\"name\":\"Yari Productions\",\"description\":\"Yari Productions\",\"potentialAction\":[{\"@type\":\"SearchAction\",\"target\":{\"@type\":\"EntryPoint\",\"urlTemplate\":\"https:\/\/www.yariproductions.com\/fr\/?s={search_term_string}\"},\"query-input\":{\"@type\":\"PropertyValueSpecification\",\"valueRequired\":true,\"valueName\":\"search_term_string\"}}],\"inLanguage\":\"fr-FR\"}]}<\/script>\n<!-- \/ Yoast SEO plugin. -->","yoast_head_json":{"title":"DIRECTION ARTISTIQUE - Yari Productions","robots":{"index":"index","follow":"follow","max-snippet":"max-snippet:-1","max-image-preview":"max-image-preview:large","max-video-preview":"max-video-preview:-1"},"canonical":"https:\/\/www.yariproductions.com\/fr\/direction-artistique\/","og_locale":"fr_FR","og_type":"article","og_title":"DIRECTION ARTISTIQUE - Yari Productions","og_description":"[vc_row type=\u00a0\u00bbin_container\u00a0\u00bb full_screen_row_position=\u00a0\u00bbmiddle\u00a0\u00bb column_margin=\u00a0\u00bbdefault\u00a0\u00bb column_direction=\u00a0\u00bbdefault\u00a0\u00bb column_direction_tablet=\u00a0\u00bbdefault\u00a0\u00bb column_direction_phone=\u00a0\u00bbdefault\u00a0\u00bb scene_position=\u00a0\u00bbcenter\u00a0\u00bb top_padding=\u00a0\u00bb40&Prime; text_color=\u00a0\u00bbdark\u00a0\u00bb text_align=\u00a0\u00bbleft\u00a0\u00bb row_border_radius=\u00a0\u00bbnone\u00a0\u00bb row_border_radius_applies=\u00a0\u00bbbg\u00a0\u00bb overlay_strength=\u00a0\u00bb0.3&Prime; gradient_direction=\u00a0\u00bbleft_to_right\u00a0\u00bb shape_divider_position=\u00a0\u00bbbottom\u00a0\u00bb bg_image_animation=\u00a0\u00bbnone\u00a0\u00bb overflow=\u00a0\u00bbvisible\u00a0\u00bb shape_type=\u00a0\u00bb\u00a0\u00bb][vc_column column_padding=\u00a0\u00bbno-extra-padding\u00a0\u00bb column_padding_tablet=\u00a0\u00bbinherit\u00a0\u00bb column_padding_phone=\u00a0\u00bbinherit\u00a0\u00bb column_padding_position=\u00a0\u00bball\u00a0\u00bb background_color_opacity=\u00a0\u00bb1&Prime; background_hover_color_opacity=\u00a0\u00bb1&Prime; column_shadow=\u00a0\u00bbnone\u00a0\u00bb column_border_radius=\u00a0\u00bbnone\u00a0\u00bb column_link_target=\u00a0\u00bb_self\u00a0\u00bb gradient_direction=\u00a0\u00bbleft_to_right\u00a0\u00bb overlay_strength=\u00a0\u00bb0.3&Prime;...","og_url":"https:\/\/www.yariproductions.com\/fr\/direction-artistique\/","og_site_name":"Yari Productions","article_modified_time":"2022-12-14T21:58:12+00:00","twitter_card":"summary_large_image","twitter_misc":{"Dur\u00e9e de lecture estim\u00e9e":"4 minutes"},"schema":{"@context":"https:\/\/schema.org","@graph":[{"@type":"WebPage","@id":"https:\/\/www.yariproductions.com\/fr\/direction-artistique\/","url":"https:\/\/www.yariproductions.com\/fr\/direction-artistique\/","name":"DIRECTION ARTISTIQUE - Yari Productions","isPartOf":{"@id":"https:\/\/www.yariproductions.com\/fr\/#website"},"datePublished":"2022-12-14T21:53:25+00:00","dateModified":"2022-12-14T21:58:12+00:00","breadcrumb":{"@id":"https:\/\/www.yariproductions.com\/fr\/direction-artistique\/#breadcrumb"},"inLanguage":"fr-FR","potentialAction":[{"@type":"ReadAction","target":["https:\/\/www.yariproductions.com\/fr\/direction-artistique\/"]}]},{"@type":"BreadcrumbList","@id":"https:\/\/www.yariproductions.com\/fr\/direction-artistique\/#breadcrumb","itemListElement":[{"@type":"ListItem","position":1,"name":"Home","item":"https:\/\/www.yariproductions.com\/fr\/"},{"@type":"ListItem","position":2,"name":"DIRECTION ARTISTIQUE"}]},{"@type":"WebSite","@id":"https:\/\/www.yariproductions.com\/fr\/#website","url":"https:\/\/www.yariproductions.com\/fr\/","name":"Yari Productions","description":"Yari Productions","potentialAction":[{"@type":"SearchAction","target":{"@type":"EntryPoint","urlTemplate":"https:\/\/www.yariproductions.com\/fr\/?s={search_term_string}"},"query-input":{"@type":"PropertyValueSpecification","valueRequired":true,"valueName":"search_term_string"}}],"inLanguage":"fr-FR"}]}},"_links":{"self":[{"href":"https:\/\/www.yariproductions.com\/fr\/wp-json\/wp\/v2\/pages\/808","targetHints":{"allow":["GET"]}}],"collection":[{"href":"https:\/\/www.yariproductions.com\/fr\/wp-json\/wp\/v2\/pages"}],"about":[{"href":"https:\/\/www.yariproductions.com\/fr\/wp-json\/wp\/v2\/types\/page"}],"author":[{"embeddable":true,"href":"https:\/\/www.yariproductions.com\/fr\/wp-json\/wp\/v2\/users\/1"}],"replies":[{"embeddable":true,"href":"https:\/\/www.yariproductions.com\/fr\/wp-json\/wp\/v2\/comments?post=808"}],"version-history":[{"count":2,"href":"https:\/\/www.yariproductions.com\/fr\/wp-json\/wp\/v2\/pages\/808\/revisions"}],"predecessor-version":[{"id":814,"href":"https:\/\/www.yariproductions.com\/fr\/wp-json\/wp\/v2\/pages\/808\/revisions\/814"}],"wp:attachment":[{"href":"https:\/\/www.yariproductions.com\/fr\/wp-json\/wp\/v2\/media?parent=808"}],"curies":[{"name":"wp","href":"https:\/\/api.w.org\/{rel}","templated":true}]}}